{"id":3089,"date":"2014-10-05T05:11:16","date_gmt":"2014-10-05T05:11:16","guid":{"rendered":"https:\/\/www.montrealburlesquefestival.ca\/contact-us-2\/"},"modified":"2025-11-18T16:11:04","modified_gmt":"2025-11-18T21:11:04","slug":"contacteznous","status":"publish","type":"page","link":"https:\/\/montrealburlesquefestival.com\/fr\/contacteznous\/","title":{"rendered":"Communiquez avec nous"},"content":{"rendered":"\t\t<div data-elementor-type=\"wp-page\" data-elementor-id=\"3089\" class=\"elementor elementor-3089 elementor-3087\" data-elementor-post-type=\"page\">\n\t\t\t\t\t\t<section class=\"elementor-section elementor-top-section elementor-element elementor-element-bd3980d elementor-section-boxed elementor-section-height-default elementor-section-height-default\" data-id=\"bd3980d\" data-element_type=\"section\" data-e-type=\"section\">\n\t\t\t\t\t\t<div class=\"elementor-container elementor-column-gap-default\">\n\t\t\t\t\t<div class=\"elementor-column elementor-col-100 elementor-top-column elementor-element elementor-element-9bf338b\" data-id=\"9bf338b\" data-element_type=\"column\" data-e-type=\"column\">\n\t\t\t<div class=\"elementor-widget-wrap elementor-element-populated\">\n\t\t\t\t\t\t<div class=\"elementor-element elementor-element-1985e7c elementor-widget elementor-widget-heading\" data-id=\"1985e7c\" data-element_type=\"widget\" data-e-type=\"widget\" data-widget_type=\"heading.default\">\n\t\t\t\t\t<h1 class=\"elementor-heading-title elementor-size-default\">communiquez avec nous<\/h1>\t\t\t\t<\/div>\n\t\t\t\t<section class=\"elementor-section elementor-inner-section elementor-element elementor-element-f6541f3 elementor-section-boxed elementor-section-height-default elementor-section-height-default\" data-id=\"f6541f3\" data-element_type=\"section\" data-e-type=\"section\">\n\t\t\t\t\t\t<div class=\"elementor-container elementor-column-gap-default\">\n\t\t\t\t\t<div class=\"elementor-column elementor-col-50 elementor-inner-column elementor-element elementor-element-5d5750b\" data-id=\"5d5750b\" data-element_type=\"column\" data-e-type=\"column\">\n\t\t\t<div class=\"elementor-widget-wrap elementor-element-populated\">\n\t\t\t\t\t\t<div class=\"elementor-element elementor-element-2fba7bf elementor-widget elementor-widget-text-editor\" data-id=\"2fba7bf\" data-element_type=\"widget\" data-e-type=\"widget\" data-widget_type=\"text-editor.default\">\n\t\t\t\t\t\t\t\t\t<p>Avez vous un int\u00e9r\u00eat de commandite avec nous? Ou une opportunit\u00e9 m\u00e9diatique?<br \/>Nous sommes disponible pour toutes questions!<\/p>\t\t\t\t\t\t\t\t<\/div>\n\t\t\t\t<div class=\"elementor-element elementor-element-9ac14f9 elementor-widget elementor-widget-shortcode\" data-id=\"9ac14f9\" data-element_type=\"widget\" data-e-type=\"widget\" data-widget_type=\"shortcode.default\">\n\t\t\t\t\t\t\t<div class=\"elementor-shortcode\">\n<div class=\"wpcf7 no-js\" id=\"wpcf7-f19947-o1\" lang=\"fr-FR\" dir=\"ltr\" data-wpcf7-id=\"19947\">\n<div class=\"screen-reader-response\"><p role=\"status\" aria-live=\"polite\" aria-atomic=\"true\"><\/p> <ul><\/ul><\/div>\n<form action=\"\/fr\/wp-json\/wp\/v2\/pages\/3089#wpcf7-f19947-o1\" method=\"post\" class=\"wpcf7-form init\" aria-label=\"Formulaire de contact\" novalidate=\"novalidate\" data-status=\"init\">\n<fieldset class=\"hidden-fields-container\"><input type=\"hidden\" name=\"_wpcf7\" value=\"19947\" \/><input type=\"hidden\" name=\"_wpcf7_version\" value=\"6.1.6\" \/><input type=\"hidden\" name=\"_wpcf7_locale\" value=\"fr_FR\" \/><input type=\"hidden\" name=\"_wpcf7_unit_tag\" value=\"wpcf7-f19947-o1\" \/><input type=\"hidden\" name=\"_wpcf7_container_post\" value=\"0\" \/><input type=\"hidden\" name=\"_wpcf7_posted_data_hash\" value=\"\" \/>\n<\/fieldset>\n<p><label> Your name<br \/>\n<span class=\"wpcf7-form-control-wrap\" data-name=\"your-name\"><input size=\"40\" maxlength=\"400\" class=\"wpcf7-form-control wpcf7-text wpcf7-validates-as-required\" autocomplete=\"name\" aria-required=\"true\" aria-invalid=\"false\" value=\"\" type=\"text\" name=\"your-name\" \/><\/span> <\/label>\n<\/p>\n<p><label> Your email<br \/>\n<span class=\"wpcf7-form-control-wrap\" data-name=\"your-email\"><input size=\"40\" maxlength=\"400\" class=\"wpcf7-form-control wpcf7-email wpcf7-validates-as-required wpcf7-text wpcf7-validates-as-email\" autocomplete=\"email\" aria-required=\"true\" aria-invalid=\"false\" value=\"\" type=\"email\" name=\"your-email\" \/><\/span> <\/label>\n<\/p>\n<p><label> Subject<br \/>\n<span class=\"wpcf7-form-control-wrap\" data-name=\"your-subject\"><input size=\"40\" maxlength=\"400\" class=\"wpcf7-form-control wpcf7-text wpcf7-validates-as-required\" aria-required=\"true\" aria-invalid=\"false\" value=\"\" type=\"text\" name=\"your-subject\" \/><\/span> <\/label>\n<\/p>\n<p><label> Your message (optional)<br \/>\n<span class=\"wpcf7-form-control-wrap\" data-name=\"your-message\"><textarea cols=\"40\" rows=\"10\" maxlength=\"2000\" class=\"wpcf7-form-control wpcf7-textarea\" aria-invalid=\"false\" name=\"your-message\"><\/textarea><\/span> <\/label>\n<\/p>\n<p><input class=\"wpcf7-form-control wpcf7-submit has-spinner\" type=\"submit\" value=\"Submit\" \/>\n<\/p><p style=\"display: none !important;\" class=\"akismet-fields-container\" data-prefix=\"_wpcf7_ak_\"><label>&#916;<textarea name=\"_wpcf7_ak_hp_textarea\" cols=\"45\" rows=\"8\" maxlength=\"100\"><\/textarea><\/label><input type=\"hidden\" id=\"ak_js_1\" name=\"_wpcf7_ak_js\" value=\"226\"\/><script>\ndocument.getElementById( \"ak_js_1\" ).setAttribute( \"value\", ( new Date() ).getTime() );\n<\/script>\n<\/p><div class=\"wpcf7-response-output\" aria-hidden=\"true\"><\/div>\n<\/form>\n<\/div>\n<\/div>\n\t\t\t\t\t\t<\/div>\n\t\t\t\t\t<\/div>\n\t\t<\/div>\n\t\t\t\t<div class=\"elementor-column elementor-col-50 elementor-inner-column elementor-element elementor-element-a7b63c9\" data-id=\"a7b63c9\" data-element_type=\"column\" data-e-type=\"column\">\n\t\t\t<div class=\"elementor-widget-wrap elementor-element-populated\">\n\t\t\t\t\t\t<div class=\"elementor-element elementor-element-f8032fb elementor-widget elementor-widget-heading\" data-id=\"f8032fb\" data-element_type=\"widget\" data-e-type=\"widget\" data-widget_type=\"heading.default\">\n\t\t\t\t\t<h2 class=\"elementor-heading-title elementor-size-default\">ABONNEZ-VOUS \u00c0 NOTRE INFOLETTRE<\/h2>\t\t\t\t<\/div>\n\t\t\t\t<div class=\"elementor-element elementor-element-e0c0bb3 elementor-widget elementor-widget-shortcode\" data-id=\"e0c0bb3\" data-element_type=\"widget\" data-e-type=\"widget\" data-widget_type=\"shortcode.default\">\n\t\t\t\t\t\t\t<div class=\"elementor-shortcode\">\n\t\t\t<div class=\"gem-form-wrapper\" id=\"form-5958315\">\n\t\t\t\t<form action=\"https:\/\/gem.godaddy.com\/signups\/subscribe\/bfeac806a1694752812e61af0ea9b470\" method=\"post\" class=\"gem-form\">\n\n\t\t\t\t\t\n\t\t\t\t\t\n\t\t\t\t\t\t<p>\n\t\t<label for=\"form_1_signup[email]\">\n\n\t\t\tEmail\n\t\t\t\t\t\t\t<span class=\"required\">*<\/span>\n\t\t\t\n\t\t<\/label>\n\t\t<br\/>\n\n\t\t<input type=\"text\" name=\"signup[email]\" id=\"form_1_signup[email]\" class=\"gem-field gem-required\" data-label=\"Email\" \/>\n\n\t\t<\/p>\n\n\t\t\t\t\t\n\t\t\t\t\t\t<p>\n\t\t<label for=\"form_1_signup[name]\">\n\n\t\t\tName\n\t\t\t\t\t\t\t<span class=\"required\">*<\/span>\n\t\t\t\n\t\t<\/label>\n\t\t<br\/>\n\n\t\t<input type=\"text\" name=\"signup[name]\" id=\"form_1_signup[name]\" class=\"gem-field gem-required\" data-label=\"Name\" \/>\n\n\t\t<\/p>\n\n\t\t\t\t\t\n\t\t\t\t\t\n\t\t\t\t\t<p>\n\t\t\t\t\t\t<input type=\"hidden\" name=\"form_id\" value=\"5958315\" \/>\n\t\t\t\t\t\t<input type=\"submit\" value=\"Subscribe\" class=\"button gem-submit\" \/>\n\t\t\t\t\t\t<span class=\"gem-spinner\"><\/span>\n\t\t\t\t\t<\/p>\n\n\t\t\t\t\t\n\t\t\t\t<\/form>\n\t\t\t<\/div>\n\n\t\t\t<\/div>\n\t\t\t\t\t\t<\/div>\n\t\t\t\t<div class=\"elementor-element elementor-element-327d8c0 elementor-widget elementor-widget-text-editor\" data-id=\"327d8c0\" data-element_type=\"widget\" data-e-type=\"widget\" data-widget_type=\"text-editor.default\">\n\t\t\t\t\t\t\t\t\t<p style=\"text-align: right;\"><strong>Candidature table de marchandises<\/strong><br \/>Vous \u00eates int\u00e9ress\u00e9 par l\u2019occasion de capter un nouvel auditoire, de vendre et faire valoir vos produits et services dans le cadre d\u2019un festival unique dans la r\u00e9gion? Faites nous parvenir un courriel : &lsquo;info@scarlettjames.com&rsquo; \u00a0Parlez-nous de vos produits et services et nous communiquerons avec vous avec plus d\u2019information.<\/p><p style=\"text-align: right;\"><b>General information:<\/b><br \/><a href=\"mailto:mtlburlesque@gmail.com\">mtlburlesque@gmail.com<\/a><\/p><p style=\"text-align: right;\"><strong>T\u00e9l\u00e9chargez\u00a0notre logo officiel:<\/strong><br \/>(clic de droite &lsquo;Save Link As&rsquo; pour la sauvegarde)<br \/><a href=\"https:\/\/montrealburlesquefestival.com\/wp-content\/uploads\/2017\/05\/large-white-transparent-no-date.png\"><b>PNG<\/b><\/a>\u00a0 \u00a0\u00a0<a href=\"https:\/\/montrealburlesquefestival.com\/wp-content\/uploads\/2017\/05\/large-white-transparent-no-date.psd\"><strong>PSD<\/strong><\/a><\/p><p style=\"text-align: right;\"><strong>Advertise:<\/strong><br \/>Please email your banner to<br \/><a href=\"mailto:info@scarlettjames.com\">info@scarlettjames.com<\/a><br \/>Make your banners 468\u00d760 pixels.<\/p><p style=\"text-align: right;\"><a href=\"http:\/\/www.ruthgillson.com\/\" target=\"_blank\" rel=\"noopener noreferrer\"><img decoding=\"async\" class=\"\" src=\"https:\/\/mlisswvbxomh.i.optimole.com\/cb:l-r2.174f8\/w:468\/h:468\/q:mauto\/http:\/\/vj7.a02.myftpupload.com\/wp-content\/uploads\/2014\/10\/ruthbanner1.jpg\" alt=\"\" border=\"0\" data-opt-src=\"https:\/\/mlisswvbxomh.i.optimole.com\/cb:l-r2.174f8\/w:auto\/h:auto\/q:mauto\/http:\/\/vj7.a02.myftpupload.com\/wp-content\/uploads\/2014\/10\/ruthbanner1.jpg\" data-opt-lazy-loaded=\"true\" data-opt-otimized-width=\"468\" data-opt-optimized-height=\"468\" \/><\/a><\/p><p><a href=\"http:\/\/www.fashionablebrat.com\/\" target=\"_blank\" rel=\"noopener noreferrer\"><img decoding=\"async\" class=\"alignright\" src=\"https:\/\/mlisswvbxomh.i.optimole.com\/cb:l-r2.174f8\/w:468\/h:468\/q:mauto\/http:\/\/vj7.a02.myftpupload.com\/wp-content\/uploads\/2018\/02\/fashionable-brat-small-banner.jpg\" alt=\"\" border=\"0\" data-opt-src=\"https:\/\/mlisswvbxomh.i.optimole.com\/cb:l-r2.174f8\/w:auto\/h:auto\/q:mauto\/http:\/\/vj7.a02.myftpupload.com\/wp-content\/uploads\/2018\/02\/fashionable-brat-small-banner.jpg\" data-opt-lazy-loaded=\"true\" data-opt-otimized-width=\"468\" data-opt-optimized-height=\"468\" \/><\/a><\/p>\t\t\t\t\t\t\t\t<\/div>\n\t\t\t\t\t<\/div>\n\t\t<\/div>\n\t\t\t\t\t<\/div>\n\t\t<\/section>\n\t\t\t\t\t<\/div>\n\t\t<\/div>\n\t\t\t\t\t<\/div>\n\t\t<\/section>\n\t\t\t\t<\/div>\n\t\t","protected":false},"excerpt":{"rendered":"<p>communiquez avec nous Avez vous un int\u00e9r\u00eat de commandite avec nous? Ou une opportunit\u00e9 m\u00e9diatique?Nous sommes disponible pour toutes questions! ABONNEZ-VOUS \u00c0 NOTRE INFOLETTRE Candidature table de marchandisesVous \u00eates int\u00e9ress\u00e9 par l\u2019occasion de capter un nouvel auditoire, de vendre et faire valoir vos produits et services dans le cadre d\u2019un festival unique dans la r\u00e9gion?&hellip;<\/p>\n","protected":false},"author":1,"featured_media":10570,"parent":0,"menu_order":0,"comment_status":"closed","ping_status":"closed","template":"elementor_header_footer","meta":{"footnotes":""},"class_list":["post-3089","page","type-page","status-publish","has-post-thumbnail","hentry"],"_links":{"self":[{"href":"https:\/\/montrealburlesquefestival.com\/fr\/wp-json\/wp\/v2\/pages\/3089","targetHints":{"allow":["GET"]}}],"collection":[{"href":"https:\/\/montrealburlesquefestival.com\/fr\/wp-json\/wp\/v2\/pages"}],"about":[{"href":"https:\/\/montrealburlesquefestival.com\/fr\/wp-json\/wp\/v2\/types\/page"}],"author":[{"embeddable":true,"href":"https:\/\/montrealburlesquefestival.com\/fr\/wp-json\/wp\/v2\/users\/1"}],"replies":[{"embeddable":true,"href":"https:\/\/montrealburlesquefestival.com\/fr\/wp-json\/wp\/v2\/comments?post=3089"}],"version-history":[{"count":50,"href":"https:\/\/montrealburlesquefestival.com\/fr\/wp-json\/wp\/v2\/pages\/3089\/revisions"}],"predecessor-version":[{"id":20697,"href":"https:\/\/montrealburlesquefestival.com\/fr\/wp-json\/wp\/v2\/pages\/3089\/revisions\/20697"}],"wp:featuredmedia":[{"embeddable":true,"href":"https:\/\/montrealburlesquefestival.com\/fr\/wp-json\/wp\/v2\/media\/10570"}],"wp:attachment":[{"href":"https:\/\/montrealburlesquefestival.com\/fr\/wp-json\/wp\/v2\/media?parent=3089"}],"curies":[{"name":"wp","href":"https:\/\/api.w.org\/{rel}","templated":true}]}}