{"id":3537,"date":"2014-11-28T16:21:42","date_gmt":"2014-11-28T21:21:42","guid":{"rendered":"https:\/\/www.montrealburlesquefestival.ca\/application-2\/"},"modified":"2025-12-10T12:03:14","modified_gmt":"2025-12-10T17:03:14","slug":"application","status":"publish","type":"page","link":"https:\/\/montrealburlesquefestival.com\/fr\/application\/","title":{"rendered":"Application"},"content":{"rendered":"\t\t<div data-elementor-type=\"wp-page\" data-elementor-id=\"3537\" class=\"elementor elementor-3537 elementor-3533\" data-elementor-post-type=\"page\">\n\t\t\t\t\t\t<section class=\"elementor-section elementor-top-section elementor-element elementor-element-60b6a530 elementor-section-boxed elementor-section-height-default elementor-section-height-default\" data-id=\"60b6a530\" data-element_type=\"section\" data-e-type=\"section\">\n\t\t\t\t\t\t<div class=\"elementor-container elementor-column-gap-default\">\n\t\t\t\t\t<div class=\"elementor-column elementor-col-100 elementor-top-column elementor-element elementor-element-4e3abf0\" data-id=\"4e3abf0\" data-element_type=\"column\" data-e-type=\"column\">\n\t\t\t<div class=\"elementor-widget-wrap elementor-element-populated\">\n\t\t\t\t\t\t\t<\/div>\n\t\t<\/div>\n\t\t\t\t\t<\/div>\n\t\t<\/section>\n\t\t\t\t<section class=\"elementor-section elementor-top-section elementor-element elementor-element-4e105da elementor-section-boxed elementor-section-height-default elementor-section-height-default\" data-id=\"4e105da\" data-element_type=\"section\" data-e-type=\"section\">\n\t\t\t\t\t\t<div class=\"elementor-container elementor-column-gap-default\">\n\t\t\t\t\t<div class=\"elementor-column elementor-col-100 elementor-top-column elementor-element elementor-element-45bc8fa\" data-id=\"45bc8fa\" data-element_type=\"column\" data-e-type=\"column\">\n\t\t\t<div class=\"elementor-widget-wrap elementor-element-populated\">\n\t\t\t\t\t\t<div class=\"elementor-element elementor-element-0d05e1d elementor-widget elementor-widget-heading\" data-id=\"0d05e1d\" data-element_type=\"widget\" data-e-type=\"widget\" data-widget_type=\"heading.default\">\n\t\t\t\t\t<h2 class=\"elementor-heading-title elementor-size-default\">LES INSCRIPTIONS AU FESTIVAL SONT MAINTENANT OUVERTES !<\/h2>\t\t\t\t<\/div>\n\t\t\t\t\t<\/div>\n\t\t<\/div>\n\t\t\t\t\t<\/div>\n\t\t<\/section>\n\t\t\t\t<section class=\"elementor-section elementor-top-section elementor-element elementor-element-3401cde elementor-section-boxed elementor-section-height-default elementor-section-height-default\" data-id=\"3401cde\" data-element_type=\"section\" data-e-type=\"section\">\n\t\t\t\t\t\t<div class=\"elementor-container elementor-column-gap-default\">\n\t\t\t\t\t<div class=\"elementor-column elementor-col-100 elementor-top-column elementor-element elementor-element-65b2e2e\" data-id=\"65b2e2e\" data-element_type=\"column\" data-e-type=\"column\">\n\t\t\t<div class=\"elementor-widget-wrap elementor-element-populated\">\n\t\t\t\t\t\t<div class=\"elementor-element elementor-element-b20a420 elementor-widget elementor-widget-text-editor\" data-id=\"b20a420\" data-element_type=\"widget\" data-e-type=\"widget\" data-widget_type=\"text-editor.default\">\n\t\t\t\t\t\t\t\t\t<p data-olk-copy-source=\"MessageBody\">Tous les talents, genres, styles et disciplines du monde entier sont invit\u00e9s \u00e0 postuler.<br>Pour participer : Remplissez enti\u00e8rement le formulaire de candidature. Un frais de 18 $ par candidature est requis, et un frais unique de 18 $ par troupe.<br>Sans le paiement des frais d&rsquo;inscription, votre candidature ne sera pas prise en compte. Vous devez postuler pour avoir une chance d\u2019\u00eatre s\u00e9lectionn\u00e9(e) et monter sur sc\u00e8ne !<br>L\u2019acte ne doit pas d\u00e9passer 5 minutes.<br>*** Les membres des communaut\u00e9s autochtones du Canada sont exempt\u00e9s des frais d&rsquo;inscription de 18 $.<\/p>\n<p data-olk-copy-source=\"MessageBody\">\n<\/p><p><strong style=\"letter-spacing: var(--the7-base-letter-spacing); text-transform: var(--the7-base-text-transform); word-spacing: normal;\">Date limite pour postuler : 1er juillet.<\/strong><\/p>\n<ul>\n<li>Envoyez 2 photos et votre musique \u00e0 :&nbsp;<a href=\"mailto:Mtlburlesque@gmail.com\" target=\"_blank\" rel=\"noopener\"><strong>Mtlburlesque@gmail.com<\/strong><\/a><\/li>\n<\/ul>\n<p><span style=\"letter-spacing: var(--the7-base-letter-spacing); text-transform: var(--the7-base-text-transform); word-spacing: normal;\">Envoyez les frais de 18 $ \u00e0<\/span><\/p>\n<ul>\n<li>Email transfer&nbsp; :&nbsp;<a href=\"mailto:Mtlburlesque@gmail.com\" target=\"_blank\" rel=\"noopener\"><strong>Mtlburlesque@gmail.com<\/strong><\/a><\/li>\n<li><span style=\"color: #ffffff; letter-spacing: var(--the7-base-letter-spacing); text-transform: var(--the7-base-text-transform); word-spacing: normal;\">Paypal:&nbsp;<\/span><span style=\"font-size: medium; letter-spacing: var(--the7-base-letter-spacing); text-transform: var(--the7-base-text-transform); word-spacing: normal; color: #2c2e2f; font-family: PayPal-Sans, 'Helvetica Neue', Arial, sans-serif; white-space: pre;\"><a href=\"https:\/\/paypal.me\/ScarlettJames?country.x=CA&amp;locale.x=en_US\">https:\/\/paypal.me\/ScarlettJames?country.x=CA&amp;locale.x=en_US<\/a><\/span><\/li>\n<\/ul>\n<p>Des questions ? N\u2019h\u00e9sitez pas \u00e0 nous contacter !<\/p>\n<p><\/p>\n<p><u>Les artistes s\u00e9lectionn\u00e9s recevrons:<\/u><\/p>\n<p>&#8211; Une passe pour assister aux autres repr\u00e9sentations gratuitement<\/p>\n<p>&#8211; Un per diem de 100$ CAD par num\u00e9ro<\/p>\n<p>&#8211; Un verre de Champagne de bienvenue lors du dinner avec les stars<\/p>\n<p><\/p>\n<h3 style=\"text-align: center;\"><span style=\"color: #ffcc00;\"><strong>LE PRIX LILI ST CYR ( Spectacle du Vendredi)<\/strong><\/span><\/h3>\n<p>Les Prix Lili St Cyr constituent une comp\u00e9tition prestigieuse qui c\u00e9l\u00e8bre l\u2019art du burlesque en honorant les meilleurs num\u00e9ros. Ce prix met en avant la&nbsp;<strong>qualit\u00e9 des performances<\/strong>, l&rsquo;<strong>ex\u00e9cution impeccable<\/strong>, la&nbsp;<strong>gr\u00e2ce<\/strong>&nbsp;et l\u2019<strong>originalit\u00e9<\/strong>.<\/p>\n<p>Au c\u0153ur du MBF r\u00e9side une volont\u00e9 de pr\u00e9server l\u2019esprit&nbsp;<strong>classique, vintage et sophistiqu\u00e9<\/strong>&nbsp;qui a d\u00e9fini le burlesque \u00e0 son \u00e2ge d\u2019or, tout en c\u00e9l\u00e9brant toutes les femmes. Bien que l&rsquo;\u00e9l\u00e9gance et la tradition occupent une place centrale, nous accueillons chaleureusement l\u2019<strong>humour<\/strong>&nbsp;et l&rsquo;<strong>originalit\u00e9 du n\u00e9o-burlesque<\/strong>, invitant les artistes \u00e0 r\u00e9v\u00e9ler leur cr\u00e9ativit\u00e9 unique.<\/p>\n<p>Le jury est compos\u00e9 des&nbsp;<strong>t\u00eates d\u2019affiche du festival<\/strong>, soigneusement s\u00e9lectionn\u00e9es pour leur&nbsp;<strong>vaste connaissance et exp\u00e9rience<\/strong>&nbsp;dans le monde du burlesque. Leur expertise garantit que chaque acte est \u00e9valu\u00e9 avec \u00e9quit\u00e9 et une profonde appr\u00e9ciation de cet art.<\/p>\n<p>Entrez dans un monde o\u00f9 le glamour intemporel rencontre la modernit\u00e9 \u00e9blouissante \u2014 sur une sc\u00e8ne o\u00f9 chaque acte raconte une histoire.<\/p><p><br><\/p>\n<p><\/p>\n<p><u>Le Meilleur num\u00e9ro et les dauphin(e)s recevrons:<\/u><\/p>\n<p>&#8211;&nbsp;<span style=\"letter-spacing: var(--the7-base-letter-spacing); text-transform: var(--the7-base-text-transform); word-spacing: normal;\">Une passe pour assister aux autres repr\u00e9sentations gratuitement<\/span><\/p>\n<p>&#8211; Un verre de Champagne de bienvenue lors du dinner avec les stars<\/p>\n<p>&#8211; Une couronne et une \u00e9charpe<\/p>\n<p>&#8211; Des prix de nos multiple commanditaires&nbsp;<span style=\"color: #ffffff; word-spacing: normal;\">(Be Appeeling,&nbsp; Bijoux indiscrets, timeless Trends corsets&#8230;)<\/span><\/p>\n<p>&#8211; Un prix en argent (meilleur num\u00e9ro 150$CAD, 1re dauphine 100$CAD, seconde dauphine 75$CAD)<\/p>\t\t\t\t\t\t\t\t<\/div>\n\t\t\t\t\t<\/div>\n\t\t<\/div>\n\t\t\t\t\t<\/div>\n\t\t<\/section>\n\t\t\t\t<section class=\"elementor-section elementor-top-section elementor-element elementor-element-7e4596f2 elementor-section-boxed elementor-section-height-default elementor-section-height-default\" data-id=\"7e4596f2\" data-element_type=\"section\" data-e-type=\"section\">\n\t\t\t\t\t\t<div class=\"elementor-container elementor-column-gap-default\">\n\t\t\t\t\t<div class=\"elementor-column elementor-col-100 elementor-top-column elementor-element elementor-element-7411248\" data-id=\"7411248\" data-element_type=\"column\" data-e-type=\"column\">\n\t\t\t<div class=\"elementor-widget-wrap elementor-element-populated\">\n\t\t\t\t\t\t<div class=\"elementor-element elementor-element-45809b65 elementor-widget elementor-widget-heading\" data-id=\"45809b65\" data-element_type=\"widget\" data-e-type=\"widget\" data-widget_type=\"heading.default\">\n\t\t\t\t\t<h2 class=\"elementor-heading-title elementor-size-default\">Applications:<\/h2>\t\t\t\t<\/div>\n\t\t\t\t<div class=\"elementor-element elementor-element-5eb7ea4b elementor-widget elementor-widget-text-editor\" data-id=\"5eb7ea4b\" data-element_type=\"widget\" data-e-type=\"widget\" data-widget_type=\"text-editor.default\">\n\t\t\t\t\t\t\t\t\t<p><strong data-olk-copy-source=\"MessageBody\">CONFORMIT\u00c9 L\u00c9GALE DES CANDIDATURES<\/strong><\/p><p><strong>Signature du contact principal requise pour conformit\u00e9 l\u00e9gale.<\/strong><\/p><p>Postulez au MBF en gardant \u00e0 l\u2019esprit qu\u2019il s\u2019agit d\u2019un \u00e9v\u00e9nement class\u00e9 \u00ab PG-13 \u00bb. Les cache-t\u00e9tons et strings ou Merkins sont OBLIGATOIRES pour tous les participants, en tout temps. Toute incorporation de nudit\u00e9, d\u2019objets sexuels explicites, de vulgarit\u00e9 ou d\u2019images sexuelles explicites (r\u00e9elles ou simul\u00e9es) entra\u00eenera une disqualification imm\u00e9diate.<\/p><p>Tous les candidats\/participants doivent \u00eatre \u00e2g\u00e9s de 18 ans ou plus. Les candidats doivent remplir tous les champs, y compris ceux concernant la musique et les vid\u00e9os, pour \u00eatre pris en compte. En postulant \u00e0 cet \u00e9v\u00e9nement, vous accordez au MBF et \u00e0 ses assign\u00e9s la permission irr\u00e9vocable d\u2019utiliser votre nom, votre image et votre performance \u00e0 des fins promotionnelles illimit\u00e9es.<\/p><p>En remplissant ce formulaire de candidature, vous acceptez les termes de la Conformit\u00e9 L\u00e9gale. Le candidat indique qu\u2019il\/elle a lu et accepte la Conformit\u00e9 L\u00e9gale. MBF est le contact principal. Tous les participants et MBF s\u2019engagent \u00e0 respecter pleinement la Conformit\u00e9 L\u00e9gale.<\/p><p><strong>Ce document est r\u00e9dig\u00e9 en anglais car 95 % des participants communiquent en anglais.<\/strong><\/p><p>Pour plus d&rsquo;informations sur les billets <a href=\"\/?page_id=70\">allez ici<\/a><\/p>\t\t\t\t\t\t\t\t<\/div>\n\t\t\t\t<div class=\"elementor-element elementor-element-73073156 elementor-widget elementor-widget-text-editor\" data-id=\"73073156\" data-element_type=\"widget\" data-e-type=\"widget\" data-widget_type=\"text-editor.default\">\n\t\t\t\t\t\t\t\t\t<iframe src=\"https:\/\/docs.google.com\/forms\/d\/e\/1FAIpQLScXr1im_eDrKLuZ3tHtYC_MbMTMIW-_Ts0bOpIJAgJ_dxNl9w\/viewform?embedded=true\" width=\"640\" height=\"3160\" frameborder=\"0\" marginwidth=\"0\" marginheight=\"0\"><span data-mce-type=\"bookmark\" style=\"display: inline-block; width: 0px; overflow: hidden; line-height: 0;\" class=\"mce_SELRES_start\">\ufeff<\/span>Loading\u2026<\/iframe>\t\t\t\t\t\t\t\t<\/div>\n\t\t\t\t\t<\/div>\n\t\t<\/div>\n\t\t\t\t\t<\/div>\n\t\t<\/section>\n\t\t\t\t<\/div>\n\t\t","protected":false},"excerpt":{"rendered":"<p>LES INSCRIPTIONS AU FESTIVAL SONT MAINTENANT OUVERTES ! Tous les talents, genres, styles et disciplines du monde entier sont invit\u00e9s \u00e0 postuler.Pour participer : Remplissez enti\u00e8rement le formulaire de candidature. Un frais de 18 $ par candidature est requis, et un frais unique de 18 $ par troupe.Sans le paiement des frais d&rsquo;inscription, votre candidature&hellip;<\/p>\n","protected":false},"author":1,"featured_media":18536,"parent":0,"menu_order":0,"comment_status":"closed","ping_status":"closed","template":"","meta":{"footnotes":""},"class_list":["post-3537","page","type-page","status-publish","has-post-thumbnail","hentry"],"_links":{"self":[{"href":"https:\/\/montrealburlesquefestival.com\/fr\/wp-json\/wp\/v2\/pages\/3537","targetHints":{"allow":["GET"]}}],"collection":[{"href":"https:\/\/montrealburlesquefestival.com\/fr\/wp-json\/wp\/v2\/pages"}],"about":[{"href":"https:\/\/montrealburlesquefestival.com\/fr\/wp-json\/wp\/v2\/types\/page"}],"author":[{"embeddable":true,"href":"https:\/\/montrealburlesquefestival.com\/fr\/wp-json\/wp\/v2\/users\/1"}],"replies":[{"embeddable":true,"href":"https:\/\/montrealburlesquefestival.com\/fr\/wp-json\/wp\/v2\/comments?post=3537"}],"version-history":[{"count":76,"href":"https:\/\/montrealburlesquefestival.com\/fr\/wp-json\/wp\/v2\/pages\/3537\/revisions"}],"predecessor-version":[{"id":22005,"href":"https:\/\/montrealburlesquefestival.com\/fr\/wp-json\/wp\/v2\/pages\/3537\/revisions\/22005"}],"wp:featuredmedia":[{"embeddable":true,"href":"https:\/\/montrealburlesquefestival.com\/fr\/wp-json\/wp\/v2\/media\/18536"}],"wp:attachment":[{"href":"https:\/\/montrealburlesquefestival.com\/fr\/wp-json\/wp\/v2\/media?parent=3537"}],"curies":[{"name":"wp","href":"https:\/\/api.w.org\/{rel}","templated":true}]}}